{"id":35,"date":"2026-03-10T11:30:51","date_gmt":"2026-03-10T11:30:51","guid":{"rendered":"https:\/\/gie-nextaviation.com\/?page_id=35"},"modified":"2026-03-10T11:30:51","modified_gmt":"2026-03-10T11:30:51","slug":"gie-nextaviation","status":"publish","type":"page","link":"https:\/\/gie-nextaviation.com\/index.php\/gie-nextaviation\/","title":{"rendered":"GIE NEXTAVIATION"},"content":{"rendered":"<p>[et_pb_section fb_built=\u00a0\u00bb1&Prime; admin_label=\u00a0\u00bbHeader\u00a0\u00bb _builder_version=\u00a0\u00bb4.27.5&Prime; _module_preset=\u00a0\u00bbdefault\u00a0\u00bb use_background_color_gradient=\u00a0\u00bbon\u00a0\u00bb background_color_gradient_stops=\u00a0\u00bbrgba(31,35,44,0.7) 0%|gcid-9fa4a1b6-767d-41ca-984c-a6f10449c843 100%\u00a0\u00bb background_color_gradient_overlays_image=\u00a0\u00bbon\u00a0\u00bb background_image=\u00a0\u00bbhttp:\/\/gie-nextaviation.com\/wp-content\/uploads\/2026\/02\/gie-nextaviation-diamond-da62.png\u00a0\u00bb background_position=\u00a0\u00bbtop_center\u00a0\u00bb background_vertical_offset=\u00a0\u00bb33%\u00a0\u00bb min_height=\u00a0\u00bb540px\u00a0\u00bb custom_margin=\u00a0\u00bb||-7px|||\u00a0\u00bb custom_padding=\u00a0\u00bb0vw||0vw||true|false\u00a0\u00bb custom_css_free_form=\u00a0\u00bbh1 {||    text-transform: none;||}\u00a0\u00bb locked=\u00a0\u00bboff\u00a0\u00bb collapsed=\u00a0\u00bbon\u00a0\u00bb global_colors_info=\u00a0\u00bb{%22gcid-9fa4a1b6-767d-41ca-984c-a6f10449c843%22:%91%22background_color_gradient_stops%22%93}\u00a0\u00bb][et_pb_row _builder_version=\u00a0\u00bb4.27.5&Prime; _module_preset=\u00a0\u00bbdefault\u00a0\u00bb max_width=\u00a0\u00bb800px\u00a0\u00bb custom_margin=\u00a0\u00bb5px||||false|false\u00a0\u00bb global_colors_info=\u00a0\u00bb{}\u00a0\u00bb][et_pb_column type=\u00a0\u00bb4_4&Prime; _builder_version=\u00a0\u00bb4.27.5&Prime; _module_preset=\u00a0\u00bbdefault\u00a0\u00bb custom_css_free_form=\u00a0\u00bbh1 {||    text-transform: none;||}\u00a0\u00bb global_colors_info=\u00a0\u00bb{}\u00a0\u00bb][et_pb_text _builder_version=\u00a0\u00bb4.27.5&Prime; _module_preset=\u00a0\u00bbb59ac7d3-659e-4e8a-8461-045c4e24ed79&Prime; text_font=\u00a0\u00bbMontserrat|||||on|||\u00a0\u00bb text_font_size=\u00a0\u00bb12px\u00a0\u00bb header_font=\u00a0\u00bbMontserrat|||||on|||\u00a0\u00bb header_text_color=\u00a0\u00bbgcid-11d3dbbb-f6dc-4fb8-929b-9d6994368d00&Prime; header_font_size=\u00a0\u00bb20px\u00a0\u00bb header_2_font=\u00a0\u00bbMontserrat|||||on|||\u00a0\u00bb header_4_font=\u00a0\u00bbMontserrat|700||on|||||\u00a0\u00bb header_4_text_color=\u00a0\u00bbgcid-2f3f3e09-0a26-4ea7-8906-5e1128945e3f\u00a0\u00bb text_orientation=\u00a0\u00bbcenter\u00a0\u00bb custom_margin=\u00a0\u00bb||10px||false|false\u00a0\u00bb global_colors_info=\u00a0\u00bb{%22gcid-2f3f3e09-0a26-4ea7-8906-5e1128945e3f%22:%91%22header_4_text_color%22%93,%22gcid-11d3dbbb-f6dc-4fb8-929b-9d6994368d00%22:%91%22header_text_color%22%93}\u00a0\u00bb]<\/p>\n<h1><span style=\"color: #ffffff;\">AVIATION D&rsquo;AFFAIRES<\/span><\/h1>\n<p>[\/et_pb_text][et_pb_image src=\u00a0\u00bbhttp:\/\/gie-nextaviation.com\/wp-content\/uploads\/2026\/02\/attorney-1.png\u00a0\u00bb title_text=\u00a0\u00bbattorney-1&Prime; _builder_version=\u00a0\u00bb4.20.0&Prime; _module_preset=\u00a0\u00bbdefault\u00a0\u00bb max_width=\u00a0\u00bb130px\u00a0\u00bb module_alignment=\u00a0\u00bbcenter\u00a0\u00bb global_colors_info=\u00a0\u00bb{}\u00a0\u00bb][\/et_pb_image][et_pb_text module_class=\u00a0\u00bbh1 {     text-transform: none; }\u00a0\u00bb _builder_version=\u00a0\u00bb4.27.5&Prime; _module_preset=\u00a0\u00bb98018ee2-c56c-4d88-9886-74c72481b8e3&Prime; text_font=\u00a0\u00bbMontserrat|||on|||||\u00a0\u00bb header_font=\u00a0\u00bbMontserrat|||||on|||\u00a0\u00bb header_text_align=\u00a0\u00bbcenter\u00a0\u00bb header_text_color=\u00a0\u00bbgcid-11d3dbbb-f6dc-4fb8-929b-9d6994368d00&Prime; header_2_font=\u00a0\u00bbMontserrat||||||||\u00a0\u00bb text_orientation=\u00a0\u00bbcenter\u00a0\u00bb custom_css_free_form=\u00a0\u00bbh1 {||    text-transform: none;||}\u00a0\u00bb inline_fonts=\u00a0\u00bbMontserrat\u00a0\u00bb global_colors_info=\u00a0\u00bb{%22gcid-11d3dbbb-f6dc-4fb8-929b-9d6994368d00%22:%91%22header_text_color%22%93}\u00a0\u00bb]<\/p>\n<h1>GIE <span style=\"font-family: Montserrat;\">nextAviation<\/span><\/h1>\n<p>[\/et_pb_text][et_pb_text _builder_version=\u00a0\u00bb4.27.5&Prime; _module_preset=\u00a0\u00bb4f4f7ef1-95c0-4775-9b32-d7961eb7e1c7&Prime; text_font=\u00a0\u00bbMontserrat|||||on|||\u00a0\u00bb header_5_font=\u00a0\u00bbMontserrat|500||||on|||\u00a0\u00bb header_5_text_color=\u00a0\u00bb#FFFFFF\u00a0\u00bb text_orientation=\u00a0\u00bbcenter\u00a0\u00bb global_colors_info=\u00a0\u00bb{}\u00a0\u00bb]<\/p>\n<h5>Votre d\u00e9placement sur mesure, discret et rapide<\/h5>\n<p>[\/et_pb_text][et_pb_button button_text=\u00a0\u00bbR\u00e9server un vol\u00a0\u00bb button_alignment=\u00a0\u00bbcenter\u00a0\u00bb _builder_version=\u00a0\u00bb4.27.5&Prime; _module_preset=\u00a0\u00bb7631557b-0c45-4e60-8a9d-ae13ddda4955&Prime; button_font=\u00a0\u00bbMontserrat|600||on|||||\u00a0\u00bb global_colors_info=\u00a0\u00bb{}\u00a0\u00bb][\/et_pb_button][\/et_pb_column][\/et_pb_row][\/et_pb_section][et_pb_section fb_built=\u00a0\u00bb1&Prime; admin_label=\u00a0\u00bbServices\u00a0\u00bb _builder_version=\u00a0\u00bb4.27.5&Prime; _module_preset=\u00a0\u00bbdefault\u00a0\u00bb background_color=\u00a0\u00bbgcid-9fa4a1b6-767d-41ca-984c-a6f10449c843&Prime; collapsed=\u00a0\u00bbon\u00a0\u00bb global_colors_info=\u00a0\u00bb{%22gcid-9fa4a1b6-767d-41ca-984c-a6f10449c843%22:%91%22background_color%22%93}\u00a0\u00bb][et_pb_row column_structure=\u00a0\u00bb1_3,1_3,1_3&Prime; custom_padding_last_edited=\u00a0\u00bbon|tablet\u00a0\u00bb _builder_version=\u00a0\u00bb4.20.0&Prime; _module_preset=\u00a0\u00bbdefault\u00a0\u00bb custom_padding_tablet=\u00a0\u00bb||0px||false|false\u00a0\u00bb custom_padding_phone=\u00a0\u00bb||0px||false|false\u00a0\u00bb locked=\u00a0\u00bboff\u00a0\u00bb global_colors_info=\u00a0\u00bb{}\u00a0\u00bb][et_pb_column type=\u00a0\u00bb1_3&Prime; _builder_version=\u00a0\u00bb4.20.0&Prime; _module_preset=\u00a0\u00bbdefault\u00a0\u00bb global_colors_info=\u00a0\u00bb{}\u00a0\u00bb][et_pb_text _builder_version=\u00a0\u00bb4.27.5&Prime; _module_preset=\u00a0\u00bba1dff8f9-a4e3-47c4-b0ee-8e5fe9c3125e\u00a0\u00bb text_font=\u00a0\u00bbMontserrat||||||||\u00a0\u00bb text_text_color=\u00a0\u00bb#CAB6A1&Prime; header_2_font=\u00a0\u00bbMontserrat||||||||\u00a0\u00bb header_2_text_color=\u00a0\u00bb#cab6a1&Prime; text_orientation=\u00a0\u00bbcenter\u00a0\u00bb background_layout=\u00a0\u00bbdark\u00a0\u00bb custom_margin=\u00a0\u00bb||0px||false|false\u00a0\u00bb global_colors_info=\u00a0\u00bb{%22gcid-11d3dbbb-f6dc-4fb8-929b-9d6994368d00%22:%91%22header_4_text_color%22,%22header_4_text_color%22%93}\u00a0\u00bb]<\/p>\n<h2>LIAISONS D&rsquo;AFFAIRES<\/h2>\n<p>[\/et_pb_text][et_pb_text _builder_version=\u00a0\u00bb4.27.5&Prime; _module_preset=\u00a0\u00bb62b567a6-7e59-49e1-aea7-79b685cd3d8a\u00a0\u00bb text_text_color=\u00a0\u00bb#E0DAD2&Prime; text_font_size=\u00a0\u00bb14px\u00a0\u00bb text_orientation=\u00a0\u00bbcenter\u00a0\u00bb locked=\u00a0\u00bboff\u00a0\u00bb global_colors_info=\u00a0\u00bb{}\u00a0\u00bb]<\/p>\n<p style=\"text-align: justify;\">Des liaisons d\u2019affaires con\u00e7ues comme un levier de performance : acc\u00e8s direct aux centres \u00e9conomiques, ind\u00e9pendance vis-\u00e0-vis des hubs commerciaux et optimisation globale du temps et des ressources.<\/p>\n<p>[\/et_pb_text][\/et_pb_column][et_pb_column type=\u00a0\u00bb1_3&Prime; _builder_version=\u00a0\u00bb4.20.0&Prime; _module_preset=\u00a0\u00bbdefault\u00a0\u00bb global_colors_info=\u00a0\u00bb{}\u00a0\u00bb][et_pb_text _builder_version=\u00a0\u00bb4.27.5&Prime; _module_preset=\u00a0\u00bba1dff8f9-a4e3-47c4-b0ee-8e5fe9c3125e\u00a0\u00bb text_font=\u00a0\u00bbMontserrat||||||||\u00a0\u00bb text_text_color=\u00a0\u00bb#CAB6A1&Prime; header_2_font=\u00a0\u00bbMontserrat||||||||\u00a0\u00bb header_2_text_color=\u00a0\u00bb#cab6a1&Prime; text_orientation=\u00a0\u00bbcenter\u00a0\u00bb background_layout=\u00a0\u00bbdark\u00a0\u00bb custom_margin=\u00a0\u00bb||0px||false|false\u00a0\u00bb global_colors_info=\u00a0\u00bb{%22gcid-11d3dbbb-f6dc-4fb8-929b-9d6994368d00%22:%91%22header_4_text_color%22,%22header_4_text_color%22%93}\u00a0\u00bb]<\/p>\n<h2>DEVENIR MEMBRE<\/h2>\n<p>[\/et_pb_text][et_pb_text _builder_version=\u00a0\u00bb4.27.5&Prime; _module_preset=\u00a0\u00bb62b567a6-7e59-49e1-aea7-79b685cd3d8a\u00a0\u00bb text_text_color=\u00a0\u00bb#E0DAD2&Prime; text_font_size=\u00a0\u00bb14px\u00a0\u00bb text_orientation=\u00a0\u00bbcenter\u00a0\u00bb locked=\u00a0\u00bboff\u00a0\u00bb global_colors_info=\u00a0\u00bb{}\u00a0\u00bb]<\/p>\n<p style=\"text-align: justify;\">L\u2019acc\u00e8s \u00e0 nos vols est strictement r\u00e9serv\u00e9 aux entreprises membres du GIE : une organisation structur\u00e9e, mutualis\u00e9e et pens\u00e9e pour celles et ceux qui font le choix d\u2019une mobilit\u00e9 a\u00e9rienne strat\u00e9gique.<\/p>\n<p>[\/et_pb_text][\/et_pb_column][et_pb_column type=\u00a0\u00bb1_3&Prime; _builder_version=\u00a0\u00bb4.20.0&Prime; _module_preset=\u00a0\u00bbdefault\u00a0\u00bb global_colors_info=\u00a0\u00bb{}\u00a0\u00bb][et_pb_text _builder_version=\u00a0\u00bb4.27.5&Prime; _module_preset=\u00a0\u00bba1dff8f9-a4e3-47c4-b0ee-8e5fe9c3125e\u00a0\u00bb text_font=\u00a0\u00bbMontserrat||||||||\u00a0\u00bb text_text_color=\u00a0\u00bb#CAB6A1&Prime; header_2_font=\u00a0\u00bbMontserrat||||||||\u00a0\u00bb header_2_text_color=\u00a0\u00bb#cab6a1&Prime; text_orientation=\u00a0\u00bbcenter\u00a0\u00bb background_layout=\u00a0\u00bbdark\u00a0\u00bb custom_margin=\u00a0\u00bb||0px||false|false\u00a0\u00bb global_colors_info=\u00a0\u00bb{%22gcid-11d3dbbb-f6dc-4fb8-929b-9d6994368d00%22:%91%22header_4_text_color%22,%22header_4_text_color%22%93}\u00a0\u00bb]<\/p>\n<h2>DIAMOND DA62<\/h2>\n<p>[\/et_pb_text][et_pb_text _builder_version=\u00a0\u00bb4.27.5&Prime; _module_preset=\u00a0\u00bb62b567a6-7e59-49e1-aea7-79b685cd3d8a\u00a0\u00bb text_text_color=\u00a0\u00bb#E0DAD2&Prime; text_font_size=\u00a0\u00bb14px\u00a0\u00bb text_orientation=\u00a0\u00bbcenter\u00a0\u00bb global_colors_info=\u00a0\u00bb{}\u00a0\u00bb]<\/p>\n<p style=\"text-align: justify;\">Diamond DA62 : la puissance, la s\u00e9curit\u00e9 et l\u2019efficience d\u2019un bimoteur nouvelle g\u00e9n\u00e9ration au service du GIE, pour offrir aux membres une mobilit\u00e9 a\u00e9rienne europ\u00e9enne rapide, fiable et \u00e9conomiquement ma\u00eetris\u00e9e.<\/p>\n<p>[\/et_pb_text][\/et_pb_column][\/et_pb_row][\/et_pb_section]<\/p>\n","protected":false},"excerpt":{"rendered":"<p>AVIATION D&rsquo;AFFAIRESGIE nextAviationVotre d\u00e9placement sur mesure, discret et rapideLIAISONS D&rsquo;AFFAIRESDes liaisons d\u2019affaires con\u00e7ues comme un levier de performance : acc\u00e8s direct aux centres \u00e9conomiques, ind\u00e9pendance vis-\u00e0-vis des hubs commerciaux et optimisation globale du temps et des ressources.DEVENIR MEMBREL\u2019acc\u00e8s \u00e0 nos vols est strictement r\u00e9serv\u00e9 aux entreprises membres du GIE : une organisation structur\u00e9e, mutualis\u00e9e et [&hellip;]<\/p>\n","protected":false},"author":1,"featured_media":0,"parent":0,"menu_order":0,"comment_status":"closed","ping_status":"closed","template":"","meta":{"_et_pb_use_builder":"on","_et_pb_old_content":"","_et_gb_content_width":"","footnotes":""},"class_list":["post-35","page","type-page","status-publish","hentry"],"_links":{"self":[{"href":"https:\/\/gie-nextaviation.com\/index.php\/wp-json\/wp\/v2\/pages\/35","targetHints":{"allow":["GET"]}}],"collection":[{"href":"https:\/\/gie-nextaviation.com\/index.php\/wp-json\/wp\/v2\/pages"}],"about":[{"href":"https:\/\/gie-nextaviation.com\/index.php\/wp-json\/wp\/v2\/types\/page"}],"author":[{"embeddable":true,"href":"https:\/\/gie-nextaviation.com\/index.php\/wp-json\/wp\/v2\/users\/1"}],"replies":[{"embeddable":true,"href":"https:\/\/gie-nextaviation.com\/index.php\/wp-json\/wp\/v2\/comments?post=35"}],"version-history":[{"count":15,"href":"https:\/\/gie-nextaviation.com\/index.php\/wp-json\/wp\/v2\/pages\/35\/revisions"}],"predecessor-version":[{"id":109,"href":"https:\/\/gie-nextaviation.com\/index.php\/wp-json\/wp\/v2\/pages\/35\/revisions\/109"}],"wp:attachment":[{"href":"https:\/\/gie-nextaviation.com\/index.php\/wp-json\/wp\/v2\/media?parent=35"}],"curies":[{"name":"wp","href":"https:\/\/api.w.org\/{rel}","templated":true}]}}